{"id":1915,"date":"2021-04-26T00:08:58","date_gmt":"2021-04-26T03:08:58","guid":{"rendered":"http:\/\/vivecolbun.cl\/nueva\/?page_id=1915"},"modified":"2021-04-26T00:47:56","modified_gmt":"2021-04-26T03:47:56","slug":"sobre-nosotros","status":"publish","type":"page","link":"https:\/\/vivecolbun.cl\/nueva\/sobre-nosotros\/","title":{"rendered":"SOBRE NOSOTROS"},"content":{"rendered":"<p>[et_pb_section fb_built=\u00bb1&#8243; fullwidth=\u00bbon\u00bb _builder_version=\u00bb4.9.3&#8243; _module_preset=\u00bbdefault\u00bb background_enable_image=\u00bboff\u00bb custom_padding=\u00bb||0px|||\u00bb][et_pb_fullwidth_image src=\u00bbhttp:\/\/vivecolbun.cl\/nueva\/wp-content\/uploads\/2021\/04\/banner_huellas.jpg\u00bb title_text=\u00bbbanner_huellas\u00bb _builder_version=\u00bb4.9.3&#8243; _module_preset=\u00bbdefault\u00bb][\/et_pb_fullwidth_image][\/et_pb_section][et_pb_section fb_built=\u00bb1&#8243; _builder_version=\u00bb4.9.3&#8243; _module_preset=\u00bbdefault\u00bb custom_padding=\u00bb||0px|||\u00bb][et_pb_row _builder_version=\u00bb4.9.3&#8243; _module_preset=\u00bbdefault\u00bb custom_margin=\u00bb-26px|auto||auto||\u00bb][et_pb_column type=\u00bb4_4&#8243; _builder_version=\u00bb4.9.3&#8243; _module_preset=\u00bbdefault\u00bb][et_pb_text _builder_version=\u00bb4.9.3&#8243; _module_preset=\u00bbdefault\u00bb]<\/p>\n<h1 class=\"p1\" style=\"text-align: center;\"><strong>Sobre Nosotros<\/strong><\/h1>\n<h5 class=\"p1\" style=\"text-align: center;\">Socios C\u00e1mara de Ecoturismo y Artesan\u00eda de Colb\u00fan<\/h5>\n<p>[\/et_pb_text][\/et_pb_column][\/et_pb_row][\/et_pb_section][et_pb_section fb_built=\u00bb1&#8243; _builder_version=\u00bb4.9.3&#8243; _module_preset=\u00bbdefault\u00bb min_height=\u00bb723px\u00bb custom_margin=\u00bb-1px|||||\u00bb custom_padding=\u00bb0px||24px|||\u00bb hover_enabled=\u00bb0&#8243; background_color=\u00bbrgba(247,247,247,0.97)\u00bb sticky_enabled=\u00bb0&#8243;][et_pb_row column_structure=\u00bb1_2,1_2&#8243; _builder_version=\u00bb4.9.3&#8243; _module_preset=\u00bbdefault\u00bb custom_padding=\u00bb15px|||||\u00bb][et_pb_column type=\u00bb1_2&#8243; _builder_version=\u00bb4.9.3&#8243; _module_preset=\u00bbdefault\u00bb][et_pb_text _builder_version=\u00bb4.9.3&#8243; _module_preset=\u00bbdefault\u00bb]<\/p>\n<p class=\"p1\">Nuestra comuna tiene de todo un poco, y eso es su gran riqueza: artesan\u00eda reconocida mundialmente, termas, lagos y cordillera, r\u00edos y bosques. Unos habitantes orgullos de sus tradiciones huasas y tambi\u00e9n un grupo cada vez mayor de neorurales atra\u00eddos por un nuevo estilo vida para su familia, m\u00e1s sano y respetuoso con su entorno.<\/p>\n<p class=\"p2\">\n<p class=\"p1\">Es un lugar ideal por su accesibilidad desde grandes urbes, para los amantes de la naturaleza, para los que quieren desconectar y recargar energ\u00edas positivas, por un par de d\u00edas o mucho m\u00e1s.\u00a0<\/p>\n<p class=\"p2\">\n<p class=\"p1\">Nuestra C\u00e1mara de Ecoturismo y Artesan\u00eda de Colb\u00fan naci\u00f3 formalmente en 2017 pero cont\u00e1bamos varios a\u00f1os m\u00e1s como agrupaci\u00f3n.<\/p>\n<p class=\"p1\">Somos un grupo de emprendedores del turismo, artesan\u00eda y la vida sana, de diversos horizontes. Nos une el respeto y cuidado de nuestra comunidad, sus tradiciones y la naturaleza, as\u00ed como el desarrollo sustentable y su difusi\u00f3n.<\/p>\n<p class=\"p2\">\n<p class=\"p1\">Es nuestra prioridad para darle continuidad a todo aquello que abrazamos y perpetuamos para las futuras generaciones.<\/p>\n<p class=\"p2\">\n<p class=\"p1\">Este compromiso es nuestra oferta al visitante y es el sello que encontrar\u00e1s en todos nuestros asociados.<\/p>\n<p class=\"p2\">\n<p class=\"p1\">Les invitamos junto a su familia a disfrutar el encanto de nuestra comuna, ser\u00e1n recibidos con todo el cari\u00f1o de nuestra gente.<\/p>\n<p>[\/et_pb_text][\/et_pb_column][et_pb_column type=\u00bb1_2&#8243; _builder_version=\u00bb4.9.3&#8243; _module_preset=\u00bbdefault\u00bb][et_pb_image src=\u00bbhttp:\/\/vivecolbun.cl\/nueva\/wp-content\/uploads\/2021\/04\/logo_3.png\u00bb _builder_version=\u00bb4.9.3&#8243; _module_preset=\u00bbdefault\u00bb title_text=\u00bblogo_3&#8243; hover_enabled=\u00bb0&#8243; sticky_enabled=\u00bb0&#8243; align=\u00bbcenter\u00bb][\/et_pb_image][et_pb_image src=\u00bbhttp:\/\/vivecolbun.cl\/nueva\/wp-content\/uploads\/2021\/04\/DSC_0034-2.jpg\u00bb title_text=\u00bbDSC_0034 (2)\u00bb _builder_version=\u00bb4.9.3&#8243; _module_preset=\u00bbdefault\u00bb box_shadow_style=\u00bbpreset1&#8243;][\/et_pb_image][\/et_pb_column][\/et_pb_row][\/et_pb_section]<\/p>\n","protected":false},"excerpt":{"rendered":"<p>Sobre Nosotros Socios C\u00e1mara de Ecoturismo y Artesan\u00eda de Colb\u00fanNuestra comuna tiene de todo un poco, y eso es su gran riqueza: artesan\u00eda reconocida mundialmente, termas, lagos y cordillera, r\u00edos y bosques. Unos habitantes orgullos de sus tradiciones huasas y tambi\u00e9n un grupo cada vez mayor de neorurales atra\u00eddos por un nuevo estilo vida para [&hellip;]<\/p>\n","protected":false},"author":7,"featured_media":0,"parent":0,"menu_order":0,"comment_status":"closed","ping_status":"closed","template":"","meta":{"_et_pb_use_builder":"on","_et_pb_old_content":"","_et_gb_content_width":"","footnotes":""},"class_list":["post-1915","page","type-page","status-publish","hentry"],"_links":{"self":[{"href":"https:\/\/vivecolbun.cl\/nueva\/wp-json\/wp\/v2\/pages\/1915","targetHints":{"allow":["GET"]}}],"collection":[{"href":"https:\/\/vivecolbun.cl\/nueva\/wp-json\/wp\/v2\/pages"}],"about":[{"href":"https:\/\/vivecolbun.cl\/nueva\/wp-json\/wp\/v2\/types\/page"}],"author":[{"embeddable":true,"href":"https:\/\/vivecolbun.cl\/nueva\/wp-json\/wp\/v2\/users\/7"}],"replies":[{"embeddable":true,"href":"https:\/\/vivecolbun.cl\/nueva\/wp-json\/wp\/v2\/comments?post=1915"}],"version-history":[{"count":9,"href":"https:\/\/vivecolbun.cl\/nueva\/wp-json\/wp\/v2\/pages\/1915\/revisions"}],"predecessor-version":[{"id":1934,"href":"https:\/\/vivecolbun.cl\/nueva\/wp-json\/wp\/v2\/pages\/1915\/revisions\/1934"}],"wp:attachment":[{"href":"https:\/\/vivecolbun.cl\/nueva\/wp-json\/wp\/v2\/media?parent=1915"}],"curies":[{"name":"wp","href":"https:\/\/api.w.org\/{rel}","templated":true}]}}